
{"id":115,"date":"2025-03-27T07:54:16","date_gmt":"2025-03-27T06:54:16","guid":{"rendered":"https:\/\/nadirklub.pl\/?page_id=115"},"modified":"2025-04-11T13:39:48","modified_gmt":"2025-04-11T11:39:48","slug":"o-nas","status":"publish","type":"page","link":"https:\/\/nadirklub.pl\/index.php\/o-nas\/","title":{"rendered":"O nas"},"content":{"rendered":"\n<div class=\"wp-block-media-text is-stacked-on-mobile\" style=\"grid-template-columns:20% auto\"><figure class=\"wp-block-media-text__media\"><img loading=\"lazy\" decoding=\"async\" width=\"821\" height=\"844\" src=\"https:\/\/nadirklub.pl\/wp-content\/uploads\/2025\/04\/logo_cyf.png\" alt=\"\" class=\"wp-image-207 size-full\" srcset=\"https:\/\/nadirklub.pl\/wp-content\/uploads\/2025\/04\/logo_cyf.png 821w, https:\/\/nadirklub.pl\/wp-content\/uploads\/2025\/04\/logo_cyf-292x300.png 292w, https:\/\/nadirklub.pl\/wp-content\/uploads\/2025\/04\/logo_cyf-768x790.png 768w\" sizes=\"auto, (max-width: 821px) 100vw, 821px\" \/><\/figure><div class=\"wp-block-media-text__content\">\n<p><strong>Uczniowski Mi\u0119dzyszkolny Klub Sportowy \u201eNADIR\u201d<\/strong> dzia\u0142a aktywnie na terenie gminy J\u0119drzej\u00f3w.<br>Klub powsta\u0142 w 1996 roku decyzj\u0105 Wojewody Kieleckiego pod k\u0105tem sport\u00f3w obronnych. Pierwsz\u0105 sekcj\u0105 by\u0142a sekcja bieg\u00f3w na orientacj\u0119, a drug\u0105 sekcja strzelecka.<br>W styczniu 1997 klub rozpocz\u0105\u0142 dzia\u0142alno\u015b\u0107 szkoleniow\u0105 i organizowanie imprez sportowych.<br>Od 2002 zacz\u0119\u0142a funkcjonowa\u0107 strzelnica pneumatyczna w budynku hali sportowej przy Szkole Podstawowej nr 4 w J\u0119drzejowie.<br>W 2013 klub przej\u0105\u0142 od LOK strzelnic\u0119 kulow\u0105 umiejscowion\u0105 pod adresem ul. Torowa 1.<\/p>\n<\/div><\/div>\n\n\n\n<p>G\u0142\u00f3wne cele <strong>Uczniowskiego Mi\u0119dzyszkolnego Klubu Sportowego &#8222;NADIR&#8221;<\/strong> to:<\/p>\n\n\n\n<ul class=\"wp-block-list ticss-0d75d4bd\">\n<li>planowanie i organizowanie pozalekcyjnego \u017cycia sportowego uczni\u00f3w w oparciu o mo\u017cliwo\u015bci obiektowe i sprz\u0119towe w\u0142asne oraz szk\u00f3\u0142 a tak\u017ce pomoc organizacyjn\u0105 i materialn\u0105 rodzic\u00f3w oraz sympatyk\u00f3w Klubu;<\/li>\n\n\n\n<li>anga\u017cowanie wszystkich uczni\u00f3w do r\u00f3\u017cnorodnych form aktywno\u015bci ruchowej, gier i zabaw dostosowanych do wieku, stopnia sprawno\u015bci oraz zainteresowa\u0144 sportowych;<\/li>\n\n\n\n<li>organizowanie zaj\u0119\u0107 sportowych dla uczni\u00f3w szk\u00f3\u0142 w celu wszechstronnego rozwoju ich sprawno\u015bci fizycznej i umys\u0142owej oraz kszta\u0142towania pozytywnych cech charakteru;<\/li>\n\n\n\n<li>organizowanie r\u00f3\u017cnorodnych form wsp\u00f3\u0142zawodnictwa sportowego oraz udzia\u0142 cz\u0142onk\u00f3w Klubu w imprezach sportowych organizowanych na obszarze dzia\u0142ania samorz\u0105du terytorialnego i poza nim;<\/li>\n\n\n\n<li>umo\u017cliwienie cz\u0142onkom Klubu regularnych trening\u00f3w w wybranych przez nich dyscyplinach sportowych oraz udzia\u0142u w zawodach sportowych wszystkich szczebli.<\/li>\n<\/ul>\n\n\n\n<p>Obecnie <strong>Klub &#8222;NADIR&#8221;<\/strong> koncentruje si\u0119 na rozwoju dw\u00f3ch g\u0142\u00f3wnych sekcji: strzelectwa sportowego oraz lekkoatletyki.<br>W ramach dzia\u0142alno\u015bci klubu funkcjonuje tak\u017ce stowarzyszenie kolekcjoner\u00f3w broni palnej oraz grupy sportowe: biegowa i nordic walking.<\/p>\n\n\n\n<p><\/p>\n","protected":false},"excerpt":{"rendered":"<p>Uczniowski Mi\u0119dzyszkolny Klub Sportowy \u201eNADIR\u201d dzia\u0142a aktywnie na terenie gminy J\u0119drzej\u00f3w.Klub powsta\u0142 w 1996 roku decyzj\u0105 Wojewody Kieleckiego pod k\u0105tem sport\u00f3w obronnych. Pierwsz\u0105 sekcj\u0105 by\u0142a sekcja bieg\u00f3w na orientacj\u0119, a drug\u0105 sekcja strzelecka.W styczniu 1997 klub rozpocz\u0105\u0142 dzia\u0142alno\u015b\u0107 szkoleniow\u0105 i organizowanie imprez sportowych.Od 2002 zacz\u0119\u0142a funkcjonowa\u0107 strzelnica pneumatyczna w budynku &hellip;<\/p>\n","protected":false},"author":1,"featured_media":0,"parent":0,"menu_order":0,"comment_status":"closed","ping_status":"closed","template":"","meta":{"_themeisle_gutenberg_block_has_review":false,"footnotes":""},"class_list":["post-115","page","type-page","status-publish","hentry"],"_links":{"self":[{"href":"https:\/\/nadirklub.pl\/index.php\/wp-json\/wp\/v2\/pages\/115","targetHints":{"allow":["GET"]}}],"collection":[{"href":"https:\/\/nadirklub.pl\/index.php\/wp-json\/wp\/v2\/pages"}],"about":[{"href":"https:\/\/nadirklub.pl\/index.php\/wp-json\/wp\/v2\/types\/page"}],"author":[{"embeddable":true,"href":"https:\/\/nadirklub.pl\/index.php\/wp-json\/wp\/v2\/users\/1"}],"replies":[{"embeddable":true,"href":"https:\/\/nadirklub.pl\/index.php\/wp-json\/wp\/v2\/comments?post=115"}],"version-history":[{"count":9,"href":"https:\/\/nadirklub.pl\/index.php\/wp-json\/wp\/v2\/pages\/115\/revisions"}],"predecessor-version":[{"id":341,"href":"https:\/\/nadirklub.pl\/index.php\/wp-json\/wp\/v2\/pages\/115\/revisions\/341"}],"wp:attachment":[{"href":"https:\/\/nadirklub.pl\/index.php\/wp-json\/wp\/v2\/media?parent=115"}],"curies":[{"name":"wp","href":"https:\/\/api.w.org\/{rel}","templated":true}]}}