
{"id":13,"date":"2025-03-26T17:13:39","date_gmt":"2025-03-26T16:13:39","guid":{"rendered":"https:\/\/nadirklub.pl\/?page_id=13"},"modified":"2025-09-29T10:24:34","modified_gmt":"2025-09-29T08:24:34","slug":"dokumenty","status":"publish","type":"page","link":"https:\/\/nadirklub.pl\/index.php\/dokumenty\/","title":{"rendered":"Dokumenty"},"content":{"rendered":"\n<div id=\"wp-block-themeisle-blocks-advanced-columns-c2fd562c\" class=\"wp-block-themeisle-blocks-advanced-columns has-2-columns has-desktop-twoOne-layout has-tablet-equal-layout has-mobile-collapsedRows-layout has-vertical-unset has-light-bg\"><div class=\"wp-block-themeisle-blocks-advanced-columns-overlay\"><\/div><div class=\"innerblocks-wrap\">\n<div id=\"wp-block-themeisle-blocks-advanced-column-ca8df135\" class=\"wp-block-themeisle-blocks-advanced-column\">\n<div id=\"wp-block-themeisle-blocks-icon-list-bae77cf6\" class=\"wp-block-themeisle-blocks-icon-list\">\n<div id=\"wp-block-themeisle-blocks-icon-list-item-ea068bef\" class=\"wp-block-themeisle-blocks-icon-list-item\"><i class=\"fas fa-file-pdf wp-block-themeisle-blocks-icon-list-item-icon-custom\"><\/i><p class=\"wp-block-themeisle-blocks-icon-list-item-content\">Statut Uczniowskiego Mi\u0119dzyszkolnego Klubu Sportowego NADIR J\u0119drzej\u00f3w<\/p><\/div>\n<\/div>\n<\/div>\n\n\n\n<div id=\"wp-block-themeisle-blocks-advanced-column-a0f538cb\" class=\"wp-block-themeisle-blocks-advanced-column has-light-bg ticss-6a7feb3d\">\n<div id=\"wp-block-themeisle-blocks-button-group-4b482e02\" class=\"wp-block-themeisle-blocks-button-group wp-block-buttons align-center-desktop\">\n<div id=\"wp-block-themeisle-blocks-button-7441d768\" class=\"wp-block-themeisle-blocks-button wp-block-button\"><a href=\"https:\/\/nadirklub.pl\/wp-content\/uploads\/2025\/03\/statut-1.pdf\" target=\"_blank\" rel=\"noopener noreferrer\" class=\"wp-block-button__link\"><span>POBIERZ<\/span><\/a><\/div>\n<\/div>\n<\/div>\n<\/div><\/div>\n\n\n\n<div style=\"height:38px\" aria-hidden=\"true\" class=\"wp-block-spacer\"><\/div>\n\n\n\n<div id=\"wp-block-themeisle-blocks-advanced-columns-643adb5a\" class=\"wp-block-themeisle-blocks-advanced-columns has-2-columns has-desktop-twoOne-layout has-tablet-equal-layout has-mobile-collapsedRows-layout has-vertical-unset has-light-bg\"><div class=\"wp-block-themeisle-blocks-advanced-columns-overlay\"><\/div><div class=\"innerblocks-wrap\">\n<div id=\"wp-block-themeisle-blocks-advanced-column-1a0b899c\" class=\"wp-block-themeisle-blocks-advanced-column\">\n<div id=\"wp-block-themeisle-blocks-icon-list-2909aac3\" class=\"wp-block-themeisle-blocks-icon-list\">\n<div id=\"wp-block-themeisle-blocks-icon-list-item-eceebf54\" class=\"wp-block-themeisle-blocks-icon-list-item\"><i class=\"fas fa-file-pdf wp-block-themeisle-blocks-icon-list-item-icon-custom\"><\/i><p class=\"wp-block-themeisle-blocks-icon-list-item-content\">Deklaracja cz\u0142onkowska<\/p><\/div>\n<\/div>\n<\/div>\n\n\n\n<div id=\"wp-block-themeisle-blocks-advanced-column-ff6e7148\" class=\"wp-block-themeisle-blocks-advanced-column has-light-bg ticss-6a7feb3d\">\n<div id=\"wp-block-themeisle-blocks-button-group-f9ffa6da\" class=\"wp-block-themeisle-blocks-button-group wp-block-buttons align-center-desktop\">\n<div id=\"wp-block-themeisle-blocks-button-67b48743\" class=\"wp-block-themeisle-blocks-button wp-block-button\"><a href=\"https:\/\/nadirklub.pl\/wp-content\/uploads\/2025\/04\/deklaracja.pdf\" target=\"_blank\" rel=\"noopener noreferrer\" class=\"wp-block-button__link\"><span>POBIERZ<\/span><\/a><\/div>\n<\/div>\n<\/div>\n<\/div><\/div>\n\n\n\n<div style=\"height:38px\" aria-hidden=\"true\" class=\"wp-block-spacer\"><\/div>\n\n\n\n<div id=\"wp-block-themeisle-blocks-advanced-columns-09c6b959\" class=\"wp-block-themeisle-blocks-advanced-columns has-2-columns has-desktop-twoOne-layout has-tablet-equal-layout has-mobile-collapsedRows-layout has-vertical-unset has-light-bg\"><div class=\"wp-block-themeisle-blocks-advanced-columns-overlay\"><\/div><div class=\"innerblocks-wrap\">\n<div id=\"wp-block-themeisle-blocks-advanced-column-e3f076ea\" class=\"wp-block-themeisle-blocks-advanced-column\">\n<div id=\"wp-block-themeisle-blocks-icon-list-2da31743\" class=\"wp-block-themeisle-blocks-icon-list\">\n<div id=\"wp-block-themeisle-blocks-icon-list-item-dbf3a063\" class=\"wp-block-themeisle-blocks-icon-list-item\"><i class=\"fas fa-file-pdf wp-block-themeisle-blocks-icon-list-item-icon-custom\"><\/i><p class=\"wp-block-themeisle-blocks-icon-list-item-content\">Wniosek o przed\u0142u\u017cenie licencji zawodniczej<\/p><\/div>\n<\/div>\n<\/div>\n\n\n\n<div id=\"wp-block-themeisle-blocks-advanced-column-0319d564\" class=\"wp-block-themeisle-blocks-advanced-column has-light-bg ticss-6a7feb3d\">\n<div id=\"wp-block-themeisle-blocks-button-group-99202e59\" class=\"wp-block-themeisle-blocks-button-group wp-block-buttons align-center-desktop\">\n<div id=\"wp-block-themeisle-blocks-button-e8ab8594\" class=\"wp-block-themeisle-blocks-button wp-block-button\"><a href=\"https:\/\/nadirklub.pl\/wp-content\/uploads\/2025\/09\/wniosek-o-przedluzenie-licencji-zawodniczej.pdf\" target=\"_blank\" rel=\"noopener noreferrer\" class=\"wp-block-button__link\"><span>POBIERZ<\/span><\/a><\/div>\n<\/div>\n<\/div>\n<\/div><\/div>\n","protected":false},"excerpt":{"rendered":"","protected":false},"author":1,"featured_media":0,"parent":0,"menu_order":0,"comment_status":"closed","ping_status":"closed","template":"","meta":{"_themeisle_gutenberg_block_has_review":false,"footnotes":""},"class_list":["post-13","page","type-page","status-publish","hentry"],"_links":{"self":[{"href":"https:\/\/nadirklub.pl\/index.php\/wp-json\/wp\/v2\/pages\/13","targetHints":{"allow":["GET"]}}],"collection":[{"href":"https:\/\/nadirklub.pl\/index.php\/wp-json\/wp\/v2\/pages"}],"about":[{"href":"https:\/\/nadirklub.pl\/index.php\/wp-json\/wp\/v2\/types\/page"}],"author":[{"embeddable":true,"href":"https:\/\/nadirklub.pl\/index.php\/wp-json\/wp\/v2\/users\/1"}],"replies":[{"embeddable":true,"href":"https:\/\/nadirklub.pl\/index.php\/wp-json\/wp\/v2\/comments?post=13"}],"version-history":[{"count":16,"href":"https:\/\/nadirklub.pl\/index.php\/wp-json\/wp\/v2\/pages\/13\/revisions"}],"predecessor-version":[{"id":626,"href":"https:\/\/nadirklub.pl\/index.php\/wp-json\/wp\/v2\/pages\/13\/revisions\/626"}],"wp:attachment":[{"href":"https:\/\/nadirklub.pl\/index.php\/wp-json\/wp\/v2\/media?parent=13"}],"curies":[{"name":"wp","href":"https:\/\/api.w.org\/{rel}","templated":true}]}}