
{"id":15,"date":"2025-03-26T17:14:01","date_gmt":"2025-03-26T16:14:01","guid":{"rendered":"https:\/\/nadirklub.pl\/?page_id=15"},"modified":"2025-06-23T19:43:13","modified_gmt":"2025-06-23T17:43:13","slug":"historia-klubu","status":"publish","type":"page","link":"https:\/\/nadirklub.pl\/index.php\/historia-klubu\/","title":{"rendered":"Historia klubu"},"content":{"rendered":"\n<div id=\"wp-block-themeisle-blocks-timeline-186f5406\" class=\"wp-block-themeisle-blocks-timeline\"><div class=\"o-timeline-root\">\n<div id=\"wp-block-themeisle-blocks-timeline-item-87e4927e\" class=\"wp-block-themeisle-blocks-timeline-item\"><div class=\"o-timeline-container\"><div class=\"o-timeline-icon\"><i class=\"fas fa-circle\"><\/i><\/div><div class=\"o-timeline-content\">\n<p class=\"has-accent-1-color has-text-color has-link-color has-larger-font-size wp-elements-ad902dae6a6caaeaf3b6cef6c7e2d6e7\">1996<\/p>\n\n\n\n<h3 class=\"wp-block-heading\">Powstanie klubu<\/h3>\n\n\n\n<p>W dniu 21 listopada 1996 roku, z inicjatywy Piotra \u017bo\u0142ny \u2014 pracownika Urz\u0119du Miejskiego w J\u0119drzejowie \u2014 oraz Piotra Sobczyka, dyrektora Szko\u0142y Podstawowej w Rakowie, zwo\u0142ano zebranie za\u0142o\u017cycielskie. Podczas spotkania powo\u0142ano Uczniowski Mi\u0119dzyszkolny Klub Sportowy NADIR, uchwalono statut oraz wybrano pierwsze w\u0142adze. W zebraniu wzi\u0119\u0142y udzia\u0142 32 osoby, g\u0142\u00f3wnie nauczyciele lokalnych szk\u00f3\u0142.<\/p>\n\n\n\n<p>Dnia 28 listopada 1996 roku, na wniosek za\u0142o\u017cycieli, Urz\u0105d Wojew\u00f3dzki w Kielcach decyzj\u0105 KST.II-4125\/UKS\/47\/96 wpisa\u0142 UMKS NADIR J\u0119drzej\u00f3w do Rejestru Wojewody, co formalnie usankcjonowa\u0142o powstanie klubu. Do ko\u0144ca roku dope\u0142niono wszystkich formalno\u015bci, uzyskano numer REGON i NIP oraz otwarto rachunek bankowy, niezb\u0119dny do prowadzenia dzia\u0142alno\u015bci.<\/p>\n\n\n\n<p>Pierwsz\u0105 utworzon\u0105 sekcj\u0105 sportow\u0105 by\u0142a sekcja bieg\u00f3w na orientacj\u0119 \u2014 st\u0105d te\u017c nazwa klubu nawi\u0105zuj\u0105ca do wsp\u00f3\u0142rz\u0119dnych astronomicznych.<\/p>\n<\/div><\/div><\/div>\n\n\n\n<div id=\"wp-block-themeisle-blocks-timeline-item-32a07097\" class=\"wp-block-themeisle-blocks-timeline-item\"><div class=\"o-timeline-container\"><div class=\"o-timeline-icon\"><i class=\"fas fa-circle\"><\/i><\/div><div class=\"o-timeline-content\">\n<p class=\"has-accent-1-color has-text-color has-link-color has-larger-font-size wp-elements-ae965a471bcb15f50165a021c9a14ee8\">Stycze\u0144 1997<\/p>\n\n\n\n<h3 class=\"wp-block-heading\">Rozpocz\u0119cie dzia\u0142alno\u015bci szkoleniowej i organizacja imprez sportowych<\/h3>\n\n\n\n<p>W styczniu 1997 roku klub rozpocz\u0105\u0142 dzia\u0142alno\u015b\u0107 merytoryczn\u0105: prowadzono nab\u00f3r cz\u0142onk\u00f3w, rozpocz\u0119to szkolenia i udzia\u0142 w zawodach. Nawi\u0105zano wsp\u00f3\u0142prac\u0119 z klubem WKS Wawel Krak\u00f3w oraz zg\u0142oszono sekcj\u0119 do Polskiego Zwi\u0105zku Orientacji Sportowej, co umo\u017cliwi\u0142o natychmiastowy udzia\u0142 w zawodach na wszystkich szczeblach \u2014 regionalnych, og\u00f3lnopolskich i mi\u0119dzynarodowych.<\/p>\n\n\n\n<p>Ju\u017c w marcu 1997 roku, z inicjatywy Micha\u0142a Wi\u0119ckowskiego, powo\u0142ano drug\u0105 sekcj\u0119 \u2014 strzelectwa sportowego. Pocz\u0105tki tej sekcji by\u0142y bardzo trudne, poniewa\u017c klub nie dysponowa\u0142 ani baz\u0105 (strzelnic\u0105), ani sprz\u0119tem. Pozostawa\u0142a jedynie okazjonalna wsp\u00f3\u0142praca z LOK. R\u00f3wnocze\u015bnie podj\u0119to starania o pozyskanie miejsca pod budow\u0119 w\u0142asnej strzelnicy.<\/p>\n<\/div><\/div><\/div>\n\n\n\n<div id=\"wp-block-themeisle-blocks-timeline-item-d3b8a06f\" class=\"wp-block-themeisle-blocks-timeline-item\"><div class=\"o-timeline-container\"><div class=\"o-timeline-icon\"><i class=\"fas fa-circle\"><\/i><\/div><div class=\"o-timeline-content\">\n<p class=\"has-accent-1-color has-text-color has-link-color has-larger-font-size wp-elements-6438b1a3e67011b1ce3ce611b684dd93\">1998-2001<\/p>\n\n\n\n<h3 class=\"wp-block-heading\">Rozw\u00f3j sekcji bieg\u00f3w na orientacj\u0119<\/h3>\n\n\n\n<p>Dzi\u0119ki wsparciu WKS Wawel Krak\u00f3w uda\u0142o si\u0119 stopniowo zmapowa\u0107 okoliczne lasy, co pozwoli\u0142o na prowadzenie bardziej profesjonalnego szkolenia oraz organizacj\u0119 zawod\u00f3w. Zawodnicy UMKS NADIR brali liczny udzia\u0142 w imprezach sportowych na terenie ca\u0142ego kraju, w tym w zawodach najwy\u017cszej rangi oraz imprezach mi\u0119dzynarodowych organizowanych w Polsce, takich jak: Puchar Wawelu, Grand Prix Polonia, Puchar Polski, Puchar Najm\u0142odszych, Mistrzostwa Polski, Mistrzostwa Makroregionu i inne.<\/p>\n\n\n\n<p>Specyfika bieg\u00f3w na orientacj\u0119 polega na tym, \u017ce w zawodach obok elity startuj\u0105 tak\u017ce amatorzy, a rozpi\u0119to\u015b\u0107 wiekowa zawodnik\u00f3w si\u0119ga od 10 do nawet 70 lat. Nadir bazowa\u0142 g\u0142\u00f3wnie na m\u0142odzie\u017cy, jednak zdarza\u0142y si\u0119 r\u00f3wnie\u017c starty starszych zawodnik\u00f3w. W ci\u0105gu roku nasi reprezentanci startowali nawet kilkana\u015bcie razy, w grupach licz\u0105cych od 30 do 70 os\u00f3b, niemal z ka\u017cdych zawod\u00f3w wracaj\u0105c z medalami.<\/p>\n\n\n\n<p>Dzia\u0142alno\u015b\u0107 Klubu nie ogranicza\u0142a si\u0119 jedynie do orientacji sportowej i strzelectwa. Powsta\u0142y kolejne dwie sekcje: tenisa sto\u0142owego i kolarska. Obie zosta\u0142y zrzeszone w odpowiednich zwi\u0105zkach sportowych i \u0142\u0105czy\u0142y sport masowy z kwalifikowanym.<\/p>\n\n\n\n<p>Kolarze, prowadzeni przez Stanis\u0142awa Kompa\u0144ca i Kazimierza Mazurkiewicza, startowali g\u0142\u00f3wnie w wy\u015bcigach MTB, ale tak\u017ce na szosie. Wzi\u0119li r\u00f3wnie\u017c udzia\u0142 w pierwszych Mistrzostwach Wojew\u00f3dztwa w duathlonie w Ch\u0119cinach, sk\u0105d wr\u00f3cili z medalami.<\/p>\n\n\n\n<p>Sekcja tenisa sto\u0142owego otrzyma\u0142a z PZTS 8 sto\u0142\u00f3w, a kolejne 4 oraz dodatkowy sprz\u0119t klub pozyska\u0142 we w\u0142asnym zakresie i dzi\u0119ki wsparciu Gminy. Rozpocz\u0119to organizacj\u0119 zawod\u00f3w szkolnych \u2014 Mistrzostw Gminy i Mistrzostw Powiatu. Frekwencja by\u0142a tak du\u017ca, \u017ce w 2001 roku uruchomiono cykliczne zawody: Miejsko-Gminn\u0105 Lig\u0119 Tenisa Sto\u0142owego \u2014 by\u0142a to pierwsza tego typu inicjatywa w regionie.<\/p>\n\n\n\n<p>W tym samym roku klub pozyska\u0142 pomieszczenia w podziemiach hali sportowej SP nr 4, gdzie rozpocz\u0119to budow\u0119 strzelnicy pneumatycznej. Z PZSS pozyskano 7 karabin\u00f3w pneumatycznych.<\/p>\n<\/div><\/div><\/div>\n\n\n\n<div id=\"wp-block-themeisle-blocks-timeline-item-1b22c871\" class=\"wp-block-themeisle-blocks-timeline-item\"><div class=\"o-timeline-container\"><div class=\"o-timeline-icon\"><i class=\"fas fa-circle\"><\/i><\/div><div class=\"o-timeline-content\">\n<p class=\"has-accent-1-color has-text-color has-link-color has-larger-font-size wp-elements-e22a75e4c8f873492fa7d7b4ccb107ac\">2002 &#8211; 2005<\/p>\n\n\n\n<h3 class=\"wp-block-heading\">Budowa strzelnicy pneumatycznej<\/h3>\n\n\n\n<p>Po d\u0142ugim oczekiwaniu klub uzyska\u0142 zgod\u0119 Policji na uruchomienie strzelnicy pneumatycznej, co znacz\u0105co o\u017cywi\u0142o dzia\u0142alno\u015b\u0107 sekcji strzeleckiej. Jeszcze w tym samym roku zorganizowano kolejn\u0105 cykliczn\u0105 imprez\u0119 \u2014 Mistrzostwa J\u0119drzejowa w Strzelectwie Pneumatycznym.<\/p>\n\n\n\n<p>Wysokie zainteresowanie tenisem sto\u0142owym pozwoli\u0142o na zg\u0142oszenie dru\u017cyny klubowej do rozgrywek III ligi wojew\u00f3dzkiej. Dru\u017cyna wyst\u0119powa\u0142a w lidze przez trzy sezony \u2014 do roku 2004.<\/p>\n\n\n\n<p>Sekcja bieg\u00f3w na orientacj\u0119 nadal dynamicznie si\u0119 rozwija\u0142a, kolejne roczniki m\u0142odzie\u017cy do\u0142\u0105cza\u0142y do zespo\u0142u. Uczestniczyli oni w zawodach i obozach sportowych. Zawodnicy startowali r\u00f3wnie\u017c w biegach prze\u0142ajowych, co w 2004 roku zaowocowa\u0142o powstaniem Miejsko-Gminnej Ligi Biegowej, w kt\u00f3rej bra\u0142o udzia\u0142 nawet oko\u0142o 700 uczni\u00f3w.<\/p>\n\n\n\n<p>W 2005 roku klub zorganizowa\u0142 bieg uliczny na dystansie 10 km po\u015bwi\u0119cony pami\u0119ci Kazimierza Mazurkiewicza. Bieg ten mo\u017cna uzna\u0107 za prolog Biegu Lis\u00f3w.<\/p>\n\n\n\n<p>Po \u015bmierci Kazimierza Mazurkiewicza dzia\u0142alno\u015b\u0107 sekcji kolarskiej zosta\u0142a znacznie ograniczona.<\/p>\n<\/div><\/div><\/div>\n\n\n\n<div id=\"wp-block-themeisle-blocks-timeline-item-4f44428e\" class=\"wp-block-themeisle-blocks-timeline-item\"><div class=\"o-timeline-container\"><div class=\"o-timeline-icon\"><i class=\"fas fa-circle\"><\/i><\/div><div class=\"o-timeline-content\">\n<p class=\"has-accent-1-color has-text-color has-link-color has-larger-font-size wp-elements-d7711ed5ea41c37e8a0ba2444571196d\">2013<\/p>\n\n\n\n<h3 class=\"wp-block-heading\">Przej\u0119cie strzelnicy kulowej<\/h3>\n\n\n\n<p><strong>Klub \u201eNADIR\u201d<\/strong> przej\u0105\u0142 strzelnic\u0119 kulow\u0105 zlokalizowan\u0105 w J\u0119drzejowie przy ul. Torowej 1.<\/p>\n\n\n\n<p>Od tego momentu odnotowano sta\u0142y rozw\u00f3j sekcji strzeleckiej.<\/p>\n<\/div><\/div><\/div>\n<\/div><\/div>\n\n\n\n<p><\/p>\n","protected":false},"excerpt":{"rendered":"","protected":false},"author":1,"featured_media":0,"parent":0,"menu_order":0,"comment_status":"closed","ping_status":"closed","template":"","meta":{"_themeisle_gutenberg_block_has_review":false,"footnotes":""},"class_list":["post-15","page","type-page","status-publish","hentry"],"_links":{"self":[{"href":"https:\/\/nadirklub.pl\/index.php\/wp-json\/wp\/v2\/pages\/15","targetHints":{"allow":["GET"]}}],"collection":[{"href":"https:\/\/nadirklub.pl\/index.php\/wp-json\/wp\/v2\/pages"}],"about":[{"href":"https:\/\/nadirklub.pl\/index.php\/wp-json\/wp\/v2\/types\/page"}],"author":[{"embeddable":true,"href":"https:\/\/nadirklub.pl\/index.php\/wp-json\/wp\/v2\/users\/1"}],"replies":[{"embeddable":true,"href":"https:\/\/nadirklub.pl\/index.php\/wp-json\/wp\/v2\/comments?post=15"}],"version-history":[{"count":17,"href":"https:\/\/nadirklub.pl\/index.php\/wp-json\/wp\/v2\/pages\/15\/revisions"}],"predecessor-version":[{"id":481,"href":"https:\/\/nadirklub.pl\/index.php\/wp-json\/wp\/v2\/pages\/15\/revisions\/481"}],"wp:attachment":[{"href":"https:\/\/nadirklub.pl\/index.php\/wp-json\/wp\/v2\/media?parent=15"}],"curies":[{"name":"wp","href":"https:\/\/api.w.org\/{rel}","templated":true}]}}