
{"id":17,"date":"2025-03-26T17:14:15","date_gmt":"2025-03-26T16:14:15","guid":{"rendered":"https:\/\/nadirklub.pl\/?page_id=17"},"modified":"2025-04-03T13:45:19","modified_gmt":"2025-04-03T11:45:19","slug":"aktualnosci","status":"publish","type":"page","link":"https:\/\/nadirklub.pl\/index.php\/aktualnosci\/","title":{"rendered":"Aktualno\u015bci"},"content":{"rendered":"<div class=\" is-style-boxed wp-block-themeisle-blocks-posts-grid\" id=\"wp-block-themeisle-blocks-posts-grid-2ef3f462\"><div class=\"is-grid o-posts-grid-columns-3\"><div class=\"o-posts-grid-post-blog o-posts-grid-post-plain\"><div class=\"o-posts-grid-post\"><div class=\"o-posts-grid-post-image\"><a href=\"https:\/\/nadirklub.pl\/index.php\/2026\/04\/19\/terminarz-zawodow-na-rok-2026\/\"><img loading=\"lazy\" decoding=\"async\" width=\"621\" height=\"300\" src=\"https:\/\/nadirklub.pl\/wp-content\/uploads\/2025\/05\/logo-klubu-wazna-informacja-621x300.png\" class=\"attachment-septera-featured size-septera-featured\" alt=\"Terminarz zawod\u00f3w na rok 2026!\" \/><\/a><\/div><div class=\"o-posts-grid-post-body\"><span class=\"o-posts-grid-post-category\"><a href=\"https:\/\/nadirklub.pl\/index.php\/category\/aktualnosci\/\">Aktualno\u015bci<\/a><\/span><h4 class=\"o-posts-grid-post-title\"><a href=\"https:\/\/nadirklub.pl\/index.php\/2026\/04\/19\/terminarz-zawodow-na-rok-2026\/\">Terminarz zawod\u00f3w na rok 2026!<\/a><\/h4><p class=\"o-posts-grid-post-meta\">Opublikowano w <time datetime=\"2026-04-19T15:39:00+02:00\">2026-04-19<\/time> autorstwa <a href=\"https:\/\/nadirklub.pl\/index.php\/author\/nadir\/\">NADIR<\/a><\/p><div class=\"o-posts-grid-post-description\"><p>Uwaga w bie\u017c\u0105cym roku kalendarzowym 2026 wszystkie zawody Grand Prix J\u0119drzejowa w strzelectwie sport\u2026<\/p><\/div><\/div><\/div><\/div><div class=\"o-posts-grid-post-blog o-posts-grid-post-plain\"><div class=\"o-posts-grid-post\"><div class=\"o-posts-grid-post-image\"><a href=\"https:\/\/nadirklub.pl\/index.php\/2025\/12\/07\/zawody-mikolajkowe-zakonczenie-sezonu-sportowego-2025-na-strzelnicy-kulowej\/\"><img loading=\"lazy\" decoding=\"async\" width=\"621\" height=\"300\" src=\"https:\/\/nadirklub.pl\/wp-content\/uploads\/2025\/04\/logo_cyf_wyrozniajacy-621x300.png\" class=\"attachment-septera-featured size-septera-featured\" alt=\"Zawody Miko\u0142ajkowe \u2013 zako\u0144czenie sezonu sportowego 2025 na strzelnicy kulowej\" \/><\/a><\/div><div class=\"o-posts-grid-post-body\"><span class=\"o-posts-grid-post-category\"><a href=\"https:\/\/nadirklub.pl\/index.php\/category\/aktualnosci\/\">Aktualno\u015bci<\/a><\/span><h4 class=\"o-posts-grid-post-title\"><a href=\"https:\/\/nadirklub.pl\/index.php\/2025\/12\/07\/zawody-mikolajkowe-zakonczenie-sezonu-sportowego-2025-na-strzelnicy-kulowej\/\">Zawody Miko\u0142ajkowe \u2013 zako\u0144czenie sezonu sportowego 2025 na strzelnicy kulowej<\/a><\/h4><p class=\"o-posts-grid-post-meta\">Opublikowano w <time datetime=\"2025-12-07T15:57:18+01:00\">2025-12-07<\/time> autorstwa <a href=\"https:\/\/nadirklub.pl\/index.php\/author\/nadir\/\">NADIR<\/a><\/p><div class=\"o-posts-grid-post-description\"><p>W dniu 7 grudnia 2025 Mi\u0119dzyszkolny Uczniowski Klub Sportowy \u201eNADIR\u201d zorganizowa\u0142 ostatnie w tym rok\u2026<\/p><\/div><\/div><\/div><\/div><div class=\"o-posts-grid-post-blog o-posts-grid-post-plain\"><div class=\"o-posts-grid-post\"><div class=\"o-posts-grid-post-image\"><a href=\"https:\/\/nadirklub.pl\/index.php\/2025\/12\/07\/wreczenie-nagrod-grand-prix-jedrzejowa-2025-w-strzelectwie-sportowym\/\"><img loading=\"lazy\" decoding=\"async\" width=\"621\" height=\"300\" src=\"https:\/\/nadirklub.pl\/wp-content\/uploads\/2025\/05\/GP-Jedrzejowa-grafika-wyrozniajaca-621x300.png\" class=\"attachment-septera-featured size-septera-featured\" alt=\"Wr\u0119czenie nagr\u00f3d Grand Prix J\u0119drzejowa 2025 w strzelectwie sportowym\" \/><\/a><\/div><div class=\"o-posts-grid-post-body\"><span class=\"o-posts-grid-post-category\"><a href=\"https:\/\/nadirklub.pl\/index.php\/category\/aktualnosci\/\">Aktualno\u015bci<\/a><\/span><h4 class=\"o-posts-grid-post-title\"><a href=\"https:\/\/nadirklub.pl\/index.php\/2025\/12\/07\/wreczenie-nagrod-grand-prix-jedrzejowa-2025-w-strzelectwie-sportowym\/\">Wr\u0119czenie nagr\u00f3d Grand Prix J\u0119drzejowa 2025 w strzelectwie sportowym<\/a><\/h4><p class=\"o-posts-grid-post-meta\">Opublikowano w <time datetime=\"2025-12-07T15:46:57+01:00\">2025-12-07<\/time> autorstwa <a href=\"https:\/\/nadirklub.pl\/index.php\/author\/nadir\/\">NADIR<\/a><\/p><div class=\"o-posts-grid-post-description\"><p>Przy okazji zamkni\u0119cia sezonu 2025 w strzelectwie sportowym w dniu 7 grudnia 2025, uroczy\u015bcie wr\u0119czo\u2026<\/p><\/div><\/div><\/div><\/div><div class=\"o-posts-grid-post-blog o-posts-grid-post-plain\"><div class=\"o-posts-grid-post\"><div class=\"o-posts-grid-post-image\"><a href=\"https:\/\/nadirklub.pl\/index.php\/2025\/11\/18\/rezultaty-jesienne-zawody-klasyfikacyjne-umks-nadir-2025\/\"><img loading=\"lazy\" decoding=\"async\" width=\"600\" height=\"300\" src=\"https:\/\/nadirklub.pl\/wp-content\/uploads\/2025\/06\/nadir-zawody-klasyfikacyjne.png\" class=\"attachment-septera-featured size-septera-featured\" alt=\"Rezultaty \u2013 Jesienne Zawody Klasyfikacyjne UMKS NADIR \u2013 2025\" srcset=\"https:\/\/nadirklub.pl\/wp-content\/uploads\/2025\/06\/nadir-zawody-klasyfikacyjne.png 600w, https:\/\/nadirklub.pl\/wp-content\/uploads\/2025\/06\/nadir-zawody-klasyfikacyjne-300x150.png 300w\" sizes=\"(max-width: 600px) 100vw, 600px\" \/><\/a><\/div><div class=\"o-posts-grid-post-body\"><span class=\"o-posts-grid-post-category\"><a href=\"https:\/\/nadirklub.pl\/index.php\/category\/aktualnosci\/\">Aktualno\u015bci<\/a><\/span><h4 class=\"o-posts-grid-post-title\"><a href=\"https:\/\/nadirklub.pl\/index.php\/2025\/11\/18\/rezultaty-jesienne-zawody-klasyfikacyjne-umks-nadir-2025\/\">Rezultaty \u2013 Jesienne Zawody Klasyfikacyjne UMKS NADIR \u2013 2025<\/a><\/h4><p class=\"o-posts-grid-post-meta\">Opublikowano w <time datetime=\"2025-11-18T21:03:44+01:00\">2025-11-18<\/time> autorstwa <a href=\"https:\/\/nadirklub.pl\/index.php\/author\/nadir\/\">NADIR<\/a><\/p><div class=\"o-posts-grid-post-description\"><p><\/p><\/div><\/div><\/div><\/div><div class=\"o-posts-grid-post-blog o-posts-grid-post-plain\"><div class=\"o-posts-grid-post\"><div class=\"o-posts-grid-post-image\"><a href=\"https:\/\/nadirklub.pl\/index.php\/2025\/11\/09\/grand-prix-jedrzejowa-2025-rozstrzygniete\/\"><img loading=\"lazy\" decoding=\"async\" width=\"621\" height=\"300\" src=\"https:\/\/nadirklub.pl\/wp-content\/uploads\/2025\/05\/GP-Jedrzejowa-grafika-wyrozniajaca-621x300.png\" class=\"attachment-septera-featured size-septera-featured\" alt=\"Grand Prix J\u0119drzejowa 2025 rozstrzygni\u0119te!!!\" \/><\/a><\/div><div class=\"o-posts-grid-post-body\"><span class=\"o-posts-grid-post-category\"><a href=\"https:\/\/nadirklub.pl\/index.php\/category\/aktualnosci\/\">Aktualno\u015bci<\/a><\/span><h4 class=\"o-posts-grid-post-title\"><a href=\"https:\/\/nadirklub.pl\/index.php\/2025\/11\/09\/grand-prix-jedrzejowa-2025-rozstrzygniete\/\">Grand Prix J\u0119drzejowa 2025 rozstrzygni\u0119te!!!<\/a><\/h4><p class=\"o-posts-grid-post-meta\">Opublikowano w <time datetime=\"2025-11-09T17:12:10+01:00\">2025-11-09<\/time> autorstwa <a href=\"https:\/\/nadirklub.pl\/index.php\/author\/nadir\/\">NADIR<\/a><\/p><div class=\"o-posts-grid-post-description\"><p>W dniu 9 listopada 2025 przeprowadzona zosta\u0142a VIII (ostatnia) runda Grand Prix J\u0119drzejowa 2025 w st\u2026<\/p><\/div><\/div><\/div><\/div><div class=\"o-posts-grid-post-blog o-posts-grid-post-plain\"><div class=\"o-posts-grid-post\"><div class=\"o-posts-grid-post-image\"><a href=\"https:\/\/nadirklub.pl\/index.php\/2025\/11\/05\/integracyjny-piknik-patriotyczno-militarny\/\"><img loading=\"lazy\" decoding=\"async\" width=\"621\" height=\"300\" src=\"https:\/\/nadirklub.pl\/wp-content\/uploads\/2025\/11\/Piknik-2025.11.08-wyrozniajacy-621x300.png\" class=\"attachment-septera-featured size-septera-featured\" alt=\"Integracyjny Piknik Patriotyczno-Militarny\" \/><\/a><\/div><div class=\"o-posts-grid-post-body\"><span class=\"o-posts-grid-post-category\"><a href=\"https:\/\/nadirklub.pl\/index.php\/category\/aktualnosci\/\">Aktualno\u015bci<\/a><\/span><h4 class=\"o-posts-grid-post-title\"><a href=\"https:\/\/nadirklub.pl\/index.php\/2025\/11\/05\/integracyjny-piknik-patriotyczno-militarny\/\">Integracyjny Piknik Patriotyczno-Militarny<\/a><\/h4><p class=\"o-posts-grid-post-meta\">Opublikowano w <time datetime=\"2025-11-05T21:24:28+01:00\">2025-11-05<\/time> autorstwa <a href=\"https:\/\/nadirklub.pl\/index.php\/author\/nadir\/\">NADIR<\/a><\/p><div class=\"o-posts-grid-post-description\"><p>Serdecznie zapraszamy mi\u0142o\u015bnik\u00f3w strzelectwa i nie tylko, aby aktywnie uczci\u0107 na strzelnicy Narodowe\u2026<\/p><\/div><\/div><\/div><\/div><div class=\"o-posts-grid-post-blog o-posts-grid-post-plain\"><div class=\"o-posts-grid-post\"><div class=\"o-posts-grid-post-image\"><a href=\"https:\/\/nadirklub.pl\/index.php\/2025\/10\/26\/coraz-blizej-rozstrzygniecia-grand-prix-jedrzejowa-2025-zapraszamy-na-relacje-z-vii-rundy\/\"><img loading=\"lazy\" decoding=\"async\" width=\"621\" height=\"300\" src=\"https:\/\/nadirklub.pl\/wp-content\/uploads\/2025\/05\/GP-Jedrzejowa-grafika-wyrozniajaca-621x300.png\" class=\"attachment-septera-featured size-septera-featured\" alt=\"Coraz bli\u017cej rozstrzygni\u0119cia Grand Prix J\u0119drzejowa 2025 &#8211; zapraszamy na relacj\u0119 z VII rundy!\" \/><\/a><\/div><div class=\"o-posts-grid-post-body\"><span class=\"o-posts-grid-post-category\"><a href=\"https:\/\/nadirklub.pl\/index.php\/category\/aktualnosci\/\">Aktualno\u015bci<\/a><\/span><h4 class=\"o-posts-grid-post-title\"><a href=\"https:\/\/nadirklub.pl\/index.php\/2025\/10\/26\/coraz-blizej-rozstrzygniecia-grand-prix-jedrzejowa-2025-zapraszamy-na-relacje-z-vii-rundy\/\">Coraz bli\u017cej rozstrzygni\u0119cia Grand Prix J\u0119drzejowa 2025 &#8211; zapraszamy na relacj\u0119 z VII rundy!<\/a><\/h4><p class=\"o-posts-grid-post-meta\">Opublikowano w <time datetime=\"2025-10-26T17:50:00+01:00\">2025-10-26<\/time> autorstwa <a href=\"https:\/\/nadirklub.pl\/index.php\/author\/nadir\/\">NADIR<\/a><\/p><div class=\"o-posts-grid-post-description\"><p>Jesie\u0144 rozgo\u015bci\u0142a si\u0119 ju\u017c na dobry, ale mimo zmiennej i czasem niesprzyjaj\u0105cej pogody kolejne rundy \u2026<\/p><\/div><\/div><\/div><\/div><div class=\"o-posts-grid-post-blog o-posts-grid-post-plain\"><div class=\"o-posts-grid-post\"><div class=\"o-posts-grid-post-image\"><a href=\"https:\/\/nadirklub.pl\/index.php\/2025\/10\/12\/vi-runda-grand-prix-jedrzejowa-2025\/\"><img loading=\"lazy\" decoding=\"async\" width=\"621\" height=\"300\" src=\"https:\/\/nadirklub.pl\/wp-content\/uploads\/2025\/05\/GP-Jedrzejowa-grafika-wyrozniajaca-621x300.png\" class=\"attachment-septera-featured size-septera-featured\" alt=\"VI runda Grand Prix J\u0119drzejowa 2025!\" \/><\/a><\/div><div class=\"o-posts-grid-post-body\"><span class=\"o-posts-grid-post-category\"><a href=\"https:\/\/nadirklub.pl\/index.php\/category\/aktualnosci\/\">Aktualno\u015bci<\/a><\/span><h4 class=\"o-posts-grid-post-title\"><a href=\"https:\/\/nadirklub.pl\/index.php\/2025\/10\/12\/vi-runda-grand-prix-jedrzejowa-2025\/\">VI runda Grand Prix J\u0119drzejowa 2025!<\/a><\/h4><p class=\"o-posts-grid-post-meta\">Opublikowano w <time datetime=\"2025-10-12T16:15:48+02:00\">2025-10-12<\/time> autorstwa <a href=\"https:\/\/nadirklub.pl\/index.php\/author\/nadir\/\">NADIR<\/a><\/p><div class=\"o-posts-grid-post-description\"><p>12 pa\u017adziernika 2025 roku pomimo niesprzyjaj\u0105cej aury zosta\u0142y przeprowadzone zawody w strzelectwie s\u2026<\/p><\/div><\/div><\/div><\/div><div class=\"o-posts-grid-post-blog o-posts-grid-post-plain\"><div class=\"o-posts-grid-post\"><div class=\"o-posts-grid-post-image\"><a href=\"https:\/\/nadirklub.pl\/index.php\/2025\/09\/29\/rezultaty-letnie-zawody-klasyfikacyjne-umks-nadir-2025\/\"><img loading=\"lazy\" decoding=\"async\" width=\"600\" height=\"300\" src=\"https:\/\/nadirklub.pl\/wp-content\/uploads\/2025\/06\/nadir-zawody-klasyfikacyjne.png\" class=\"attachment-septera-featured size-septera-featured\" alt=\"Rezultaty &#8211; Letnie Zawody Klasyfikacyjne UMKS NADIR &#8211; 2025\" srcset=\"https:\/\/nadirklub.pl\/wp-content\/uploads\/2025\/06\/nadir-zawody-klasyfikacyjne.png 600w, https:\/\/nadirklub.pl\/wp-content\/uploads\/2025\/06\/nadir-zawody-klasyfikacyjne-300x150.png 300w\" sizes=\"(max-width: 600px) 100vw, 600px\" \/><\/a><\/div><div class=\"o-posts-grid-post-body\"><span class=\"o-posts-grid-post-category\"><a href=\"https:\/\/nadirklub.pl\/index.php\/category\/aktualnosci\/\">Aktualno\u015bci<\/a><\/span><h4 class=\"o-posts-grid-post-title\"><a href=\"https:\/\/nadirklub.pl\/index.php\/2025\/09\/29\/rezultaty-letnie-zawody-klasyfikacyjne-umks-nadir-2025\/\">Rezultaty &#8211; Letnie Zawody Klasyfikacyjne UMKS NADIR &#8211; 2025<\/a><\/h4><p class=\"o-posts-grid-post-meta\">Opublikowano w <time datetime=\"2025-09-29T10:11:09+02:00\">2025-09-29<\/time> autorstwa <a href=\"https:\/\/nadirklub.pl\/index.php\/author\/nadir\/\">NADIR<\/a><\/p><div class=\"o-posts-grid-post-description\"><p><\/p><\/div><\/div><\/div><\/div><\/div> <div class=\"o-posts-grid-pag\"><span aria-current=\"page\" class=\"page-numbers current\">1<\/span>\n<a class=\"page-numbers\" href=\"https:\/\/nadirklub.pl\/index.php\/wp-json\/wp\/v2\/pages\/17\/?paged=2\">2<\/a>\n<a class=\"page-numbers\" href=\"https:\/\/nadirklub.pl\/index.php\/wp-json\/wp\/v2\/pages\/17\/?paged=3\">3<\/a>\n<a class=\"next page-numbers\" href=\"https:\/\/nadirklub.pl\/index.php\/wp-json\/wp\/v2\/pages\/17\/?paged=2\">Nast\u0119pny<\/a><\/div><\/div>\n\n\n<p><\/p>\n","protected":false},"excerpt":{"rendered":"","protected":false},"author":1,"featured_media":0,"parent":0,"menu_order":0,"comment_status":"closed","ping_status":"closed","template":"","meta":{"_themeisle_gutenberg_block_has_review":false,"footnotes":""},"class_list":["post-17","page","type-page","status-publish","hentry"],"_links":{"self":[{"href":"https:\/\/nadirklub.pl\/index.php\/wp-json\/wp\/v2\/pages\/17","targetHints":{"allow":["GET"]}}],"collection":[{"href":"https:\/\/nadirklub.pl\/index.php\/wp-json\/wp\/v2\/pages"}],"about":[{"href":"https:\/\/nadirklub.pl\/index.php\/wp-json\/wp\/v2\/types\/page"}],"author":[{"embeddable":true,"href":"https:\/\/nadirklub.pl\/index.php\/wp-json\/wp\/v2\/users\/1"}],"replies":[{"embeddable":true,"href":"https:\/\/nadirklub.pl\/index.php\/wp-json\/wp\/v2\/comments?post=17"}],"version-history":[{"count":6,"href":"https:\/\/nadirklub.pl\/index.php\/wp-json\/wp\/v2\/pages\/17\/revisions"}],"predecessor-version":[{"id":257,"href":"https:\/\/nadirklub.pl\/index.php\/wp-json\/wp\/v2\/pages\/17\/revisions\/257"}],"wp:attachment":[{"href":"https:\/\/nadirklub.pl\/index.php\/wp-json\/wp\/v2\/media?parent=17"}],"curies":[{"name":"wp","href":"https:\/\/api.w.org\/{rel}","templated":true}]}}