
{"id":328,"date":"2025-04-11T13:18:26","date_gmt":"2025-04-11T11:18:26","guid":{"rendered":"https:\/\/nadirklub.pl\/?page_id=328"},"modified":"2025-04-11T13:28:32","modified_gmt":"2025-04-11T11:28:32","slug":"zarzad","status":"publish","type":"page","link":"https:\/\/nadirklub.pl\/index.php\/zarzad\/","title":{"rendered":"Zarz\u0105d"},"content":{"rendered":"\n<div id=\"wp-block-themeisle-blocks-icon-list-98a2a15a\" class=\"wp-block-themeisle-blocks-icon-list\">\n<div id=\"wp-block-themeisle-blocks-icon-list-item-056ebabc\" class=\"wp-block-themeisle-blocks-icon-list-item\"><i class=\"fas fa-check wp-block-themeisle-blocks-icon-list-item-icon\"><\/i><p class=\"wp-block-themeisle-blocks-icon-list-item-content\">Prezes: <strong>Piotr \u017bo\u0142na <\/strong><br><a href=\"mailto:piotrzolna@nadirklub.pl\">piotrzolna@nadirklub.pl<\/a><\/p><\/div>\n\n\n\n<div id=\"wp-block-themeisle-blocks-icon-list-item-43170773\" class=\"wp-block-themeisle-blocks-icon-list-item\"><i class=\"fas fa-check wp-block-themeisle-blocks-icon-list-item-icon\"><\/i><p class=\"wp-block-themeisle-blocks-icon-list-item-content\">Zast\u0119pca prezesa: <strong>Sebastian Smor\u0105g <\/strong><br><a href=\"mailto:sebastiansmorag@nadriklub.pl\">sebastiansmorag@nadriklub.pl<\/a><\/p><\/div>\n\n\n\n<div id=\"wp-block-themeisle-blocks-icon-list-item-786108ae\" class=\"wp-block-themeisle-blocks-icon-list-item\"><i class=\"fas fa-check wp-block-themeisle-blocks-icon-list-item-icon\"><\/i><p class=\"wp-block-themeisle-blocks-icon-list-item-content\">Sekretarz: <strong>Marek Warcho\u0142 <\/strong><br><a href=\"mailto:marekwarchol@nadirklub.pl\">marekwarchol@nadirklub.pl<\/a><\/p><\/div>\n\n\n\n<div id=\"wp-block-themeisle-blocks-icon-list-item-3a3671e6\" class=\"wp-block-themeisle-blocks-icon-list-item\"><i class=\"fas fa-check wp-block-themeisle-blocks-icon-list-item-icon\"><\/i><p class=\"wp-block-themeisle-blocks-icon-list-item-content\">Skarbnik: <strong>Tomasz Mularczyk <\/strong><br><a href=\"mailto:tomaszmularczyk@nadirklub.pl\">tomaszmularczyk@nadirklub.pl<\/a><\/p><\/div>\n\n\n\n<div id=\"wp-block-themeisle-blocks-icon-list-item-5e9f8e85\" class=\"wp-block-themeisle-blocks-icon-list-item\"><i class=\"fas fa-check wp-block-themeisle-blocks-icon-list-item-icon\"><\/i><p class=\"wp-block-themeisle-blocks-icon-list-item-content\">Cz\u0142onek zarz\u0105du: <strong>Grzegorz Ry\u0144ski <\/strong><br><a href=\"mailto:grzegorzrynski@nadirklub.pl\">grzegorzrynski@nadirklub.pl<\/a><\/p><\/div>\n<\/div>\n","protected":false},"excerpt":{"rendered":"","protected":false},"author":1,"featured_media":0,"parent":0,"menu_order":0,"comment_status":"closed","ping_status":"closed","template":"","meta":{"_themeisle_gutenberg_block_has_review":false,"footnotes":""},"class_list":["post-328","page","type-page","status-publish","hentry"],"_links":{"self":[{"href":"https:\/\/nadirklub.pl\/index.php\/wp-json\/wp\/v2\/pages\/328","targetHints":{"allow":["GET"]}}],"collection":[{"href":"https:\/\/nadirklub.pl\/index.php\/wp-json\/wp\/v2\/pages"}],"about":[{"href":"https:\/\/nadirklub.pl\/index.php\/wp-json\/wp\/v2\/types\/page"}],"author":[{"embeddable":true,"href":"https:\/\/nadirklub.pl\/index.php\/wp-json\/wp\/v2\/users\/1"}],"replies":[{"embeddable":true,"href":"https:\/\/nadirklub.pl\/index.php\/wp-json\/wp\/v2\/comments?post=328"}],"version-history":[{"count":4,"href":"https:\/\/nadirklub.pl\/index.php\/wp-json\/wp\/v2\/pages\/328\/revisions"}],"predecessor-version":[{"id":336,"href":"https:\/\/nadirklub.pl\/index.php\/wp-json\/wp\/v2\/pages\/328\/revisions\/336"}],"wp:attachment":[{"href":"https:\/\/nadirklub.pl\/index.php\/wp-json\/wp\/v2\/media?parent=328"}],"curies":[{"name":"wp","href":"https:\/\/api.w.org\/{rel}","templated":true}]}}