
{"id":47,"date":"2025-03-26T17:34:35","date_gmt":"2025-03-26T16:34:35","guid":{"rendered":"https:\/\/nadirklub.pl\/?page_id=47"},"modified":"2025-07-25T12:34:42","modified_gmt":"2025-07-25T10:34:42","slug":"kontakt","status":"publish","type":"page","link":"https:\/\/nadirklub.pl\/index.php\/kontakt\/","title":{"rendered":"Kontakt"},"content":{"rendered":"\n<div id=\"wp-block-themeisle-blocks-advanced-columns-d83ec500\" class=\"wp-block-themeisle-blocks-advanced-columns alignfull has-2-columns has-desktop-equal-layout has-tablet-equal-layout has-mobile-collapsedRows-layout has-vertical-unset has-light-bg\"><div class=\"wp-block-themeisle-blocks-advanced-columns-overlay\"><\/div><div class=\"innerblocks-wrap\">\n<div id=\"wp-block-themeisle-blocks-advanced-column-07cc680e\" class=\"wp-block-themeisle-blocks-advanced-column\">\n<span id=\"wp-block-themeisle-blocks-advanced-heading-c94b139b\" class=\"wp-block-themeisle-blocks-advanced-heading wp-block-themeisle-blocks-advanced-heading-c94b139b\"><strong>B\u0104D\u0179MY W KONTAKCIE<\/strong><\/span>\n\n\n\n<h2 class=\"wp-block-heading wp-block-themeisle-blocks-advanced-heading wp-block-themeisle-blocks-advanced-heading-dbe2f686 has-neve-text-color-color has-text-color has-link-color wp-elements-1fe284d3729bf5341c2f158af784b87f\" id=\"wp-block-themeisle-blocks-advanced-heading-dbe2f686\" style=\"margin-top:0px;font-size:40px\">Zostaw nam wiadomo\u015b\u0107!<\/h2>\n\n\n\n<p class=\"has-text-color has-link-color wp-elements-d57d2a94f279f72b7c7b52c43c5d2c50\" style=\"color:#1f2025\">Masz pytanie? Skontaktuj si\u0119 z nami!<\/p>\n\n\n\n<div id=\"wp-block-themeisle-blocks-icon-list-d64a8d6b\" class=\"wp-block-themeisle-blocks-icon-list\">\n<div id=\"wp-block-themeisle-blocks-icon-list-item-6712b999\" class=\"wp-block-themeisle-blocks-icon-list-item\"><i class=\"fas fa-at wp-block-themeisle-blocks-icon-list-item-icon-custom\"><\/i><p class=\"wp-block-themeisle-blocks-icon-list-item-content\"><strong><a href=\"mailto:NADIR@NADIRKLUB.PL\">NADIR@NADIRKLUB.PL<\/a><\/strong><\/p><\/div>\n\n\n\n<div id=\"wp-block-themeisle-blocks-icon-list-item-46b7da1a\" class=\"wp-block-themeisle-blocks-icon-list-item\"><i class=\"fas fa-map-marked-alt wp-block-themeisle-blocks-icon-list-item-icon-custom\"><\/i><p class=\"wp-block-themeisle-blocks-icon-list-item-content\"><strong>STRZELNICA PNEUMATYCZNA<\/strong><\/p><\/div>\n\n\n\n<div id=\"wp-block-themeisle-blocks-icon-list-item-7a0c064b\" class=\"wp-block-themeisle-blocks-icon-list-item\"><i class=\"fab fa-check wp-block-themeisle-blocks-icon-list-item-icon\"><\/i><p class=\"wp-block-themeisle-blocks-icon-list-item-content\"><strong>ul. PRZYPKOWSKIEGO 43<\/strong><br><strong>28-300 J\u0118DRZEJ\u00d3W<\/strong><\/p><\/div>\n\n\n\n<div id=\"wp-block-themeisle-blocks-icon-list-item-a2720b48\" class=\"wp-block-themeisle-blocks-icon-list-item\"><i class=\"fas fa-calendar-alt wp-block-themeisle-blocks-icon-list-item-icon-custom\"><\/i><p class=\"wp-block-themeisle-blocks-icon-list-item-content\"><strong>wtorek, czwartek<\/strong><\/p><\/div>\n\n\n\n<div id=\"wp-block-themeisle-blocks-icon-list-item-08b2b005\" class=\"wp-block-themeisle-blocks-icon-list-item\"><i class=\"fab fa-check wp-block-themeisle-blocks-icon-list-item-icon\"><\/i><p class=\"wp-block-themeisle-blocks-icon-list-item-content\"><strong>17:00 &#8211; 19:00<\/strong><\/p><\/div>\n<\/div>\n\n\n\n<span id=\"wp-block-themeisle-blocks-advanced-heading-86450fd9\" class=\"wp-block-themeisle-blocks-advanced-heading wp-block-themeisle-blocks-advanced-heading-86450fd9\"><\/span>\n\n\n\n<p><\/p>\n\n\n\n<ul class=\"wp-block-social-links is-layout-flex wp-block-social-links-is-layout-flex\"><li class=\"wp-social-link wp-social-link-facebook  wp-block-social-link\"><a href=\"https:\/\/www.facebook.com\/profile.php?id=100057215029549&#038;mibextid=wwXIfr\" class=\"wp-block-social-link-anchor\"><svg width=\"24\" height=\"24\" viewBox=\"0 0 24 24\" version=\"1.1\" xmlns=\"http:\/\/www.w3.org\/2000\/svg\" aria-hidden=\"true\" focusable=\"false\"><path d=\"M12 2C6.5 2 2 6.5 2 12c0 5 3.7 9.1 8.4 9.9v-7H7.9V12h2.5V9.8c0-2.5 1.5-3.9 3.8-3.9 1.1 0 2.2.2 2.2.2v2.5h-1.3c-1.2 0-1.6.8-1.6 1.6V12h2.8l-.4 2.9h-2.3v7C18.3 21.1 22 17 22 12c0-5.5-4.5-10-10-10z\"><\/path><\/svg><span class=\"wp-block-social-link-label screen-reader-text\">Strzelnica Miejska J\u0119drzej\u00f3w<\/span><\/a><\/li>\n\n<li class=\"wp-social-link wp-social-link-facebook  wp-block-social-link\"><a href=\"https:\/\/www.facebook.com\/jedrzejowbiega\" class=\"wp-block-social-link-anchor\"><svg width=\"24\" height=\"24\" viewBox=\"0 0 24 24\" version=\"1.1\" xmlns=\"http:\/\/www.w3.org\/2000\/svg\" aria-hidden=\"true\" focusable=\"false\"><path d=\"M12 2C6.5 2 2 6.5 2 12c0 5 3.7 9.1 8.4 9.9v-7H7.9V12h2.5V9.8c0-2.5 1.5-3.9 3.8-3.9 1.1 0 2.2.2 2.2.2v2.5h-1.3c-1.2 0-1.6.8-1.6 1.6V12h2.8l-.4 2.9h-2.3v7C18.3 21.1 22 17 22 12c0-5.5-4.5-10-10-10z\"><\/path><\/svg><span class=\"wp-block-social-link-label screen-reader-text\">J\u0119drzej\u00f3w Biega<\/span><\/a><\/li><\/ul>\n<\/div>\n\n\n\n<div id=\"wp-block-themeisle-blocks-advanced-column-12b1a4fb\" class=\"wp-block-themeisle-blocks-advanced-column\">\n<div id=\"wp-block-themeisle-blocks-form-bd01e014\" class=\"wp-block-themeisle-blocks-form\" data-option-name=\"bf9b28ff82ce323187abc5d0feb0d8f07ecd8436_bd01e014\"><form class=\"otter-form__container\">\n<div id=\"wp-block-themeisle-blocks-form-input-49b4ca02\" class=\"wp-block-themeisle-blocks-form-input\"><label for=\"wp-block-themeisle-blocks-form-input-49b4ca02-input\" class=\"otter-form-input-label\"><span class=\"otter-form-input-label__label\">Imi\u0119<\/span><span class=\"required\">*<\/span><\/label><input type=\"text\" id=\"wp-block-themeisle-blocks-form-input-49b4ca02-input\" required placeholder=\"Twoje imi\u0119\" class=\"otter-form-input\"\/><\/div>\n\n\n\n<div id=\"wp-block-themeisle-blocks-form-input-1845c59c\" class=\"wp-block-themeisle-blocks-form-input\"><label for=\"wp-block-themeisle-blocks-form-input-1845c59c-input\" class=\"otter-form-input-label\"><span class=\"otter-form-input-label__label\">Tw\u00f3j adres e-mail<\/span><span class=\"required\">*<\/span><\/label><input type=\"email\" id=\"wp-block-themeisle-blocks-form-input-1845c59c-input\" required placeholder=\"Tw\u00f3j adres e-mail\" class=\"otter-form-input\"\/><\/div>\n\n\n\n<div id=\"wp-block-themeisle-blocks-form-textarea-6beec4bd\" class=\"wp-block-themeisle-blocks-form-textarea\"><label for=\"wp-block-themeisle-blocks-form-textarea-6beec4bd-input\" class=\"otter-form-textarea-label\"><span class=\"otter-form-textarea-label__label\">Wiadomo\u015b\u0107<\/span><span class=\"required\">*<\/span><\/label><textarea id=\"wp-block-themeisle-blocks-form-textarea-6beec4bd-input\" required placeholder=\"Tre\u015b\u0107 wiadomo\u015bci\" rows=\"10\" class=\"otter-form-textarea-input\"><\/textarea><\/div>\n\n\n<div class=\"protection\" aria-hidden=\"true\"><input type=\"hidden\" id=\"wp-block-themeisle-blocks-form-bd01e014_nonce_field\" name=\"wp-block-themeisle-blocks-form-bd01e014_nonce_field\" value=\"c179882963\" \/><input type=\"hidden\" name=\"_wp_http_referer\" value=\"\/index.php\/wp-json\/wp\/v2\/pages\/47\" \/><input class=\"o-anti-bot\" type=\"checkbox\"><\/div><div class=\"wp-block-button\"><button class=\"wp-block-button__link\" type=\"submit\">WY\u015aLIJ WIADOMO\u015a\u0106<\/button><\/div><\/form><\/div>\n<\/div>\n<\/div><\/div>\n\n\n\n<h4 class=\"wp-block-heading\">LOKALIZACJE NASZYCH OBIEKT\u00d3W:<\/h4>\n\n\n\n<div id=\"wp-block-themeisle-blocks-icon-list-8e9c59d7\" class=\"wp-block-themeisle-blocks-icon-list\">\n<div id=\"wp-block-themeisle-blocks-icon-list-item-69e288cc\" class=\"wp-block-themeisle-blocks-icon-list-item\"><i class=\"fas fa-check-square wp-block-themeisle-blocks-icon-list-item-icon-custom\"><\/i><p class=\"wp-block-themeisle-blocks-icon-list-item-content\"><strong>Strzelnica kulowa, ul. Torowa 1, 28-300 J\u0119drzej\u00f3w:<\/strong><\/p><\/div>\n<\/div>\n\n\n\n<iframe src=\"https:\/\/www.google.com\/maps\/embed?pb=!1m18!1m12!1m3!1d2529.64629627701!2d20.286620977119718!3d50.652259772811895!2m3!1f0!2f0!3f0!3m2!1i1024!2i768!4f13.1!3m3!1m2!1s0x47179eac199c5e4f%3A0xf9194bba8e932d6b!2sStrzelnica%20miejska!5e0!3m2!1spl!2spl!4v1743683541674!5m2!1spl!2spl\" width=\"100%\" height=\"600\" style=\"border:0;\" allowfullscreen=\"\" loading=\"lazy\" referrerpolicy=\"no-referrer-when-downgrade\"><\/iframe>\n\n\n\n<div style=\"height:33px\" aria-hidden=\"true\" class=\"wp-block-spacer\"><\/div>\n\n\n\n<div id=\"wp-block-themeisle-blocks-icon-list-ff6bef0b\" class=\"wp-block-themeisle-blocks-icon-list\">\n<div id=\"wp-block-themeisle-blocks-icon-list-item-16ceb120\" class=\"wp-block-themeisle-blocks-icon-list-item\"><i class=\"fas fa-check-square wp-block-themeisle-blocks-icon-list-item-icon-custom\"><\/i><p class=\"wp-block-themeisle-blocks-icon-list-item-content\"><strong>Strzelnica pneumatyczna, ul. Feliksa Przypkowskiego 43, 28-300 J\u0119drzej\u00f3w<\/strong><\/p><\/div>\n<\/div>\n\n\n\n<p>Wej\u015bcie z parkingu od strony p\u0142ywalni miejskiej, piwnica pod hal\u0105 sportow\u0105:<\/p>\n\n\n\n<iframe src=\"https:\/\/www.google.com\/maps\/embed?pb=!1m18!1m12!1m3!1d2530.219964977589!2d20.281514145085435!3d50.64160586539383!2m3!1f0!2f0!3f0!3m2!1i1024!2i768!4f13.1!3m3!1m2!1s0x47179eb5b48e40bd%3A0xcf88ee38ad3241fa!2sPrzypkowskiego%2043%2C%2028-300%20J%C4%99drzej%C3%B3w!5e0!3m2!1spl!2spl!4v1743679651287!5m2!1spl!2spl\" width=\"100%\" height=\"600\" style=\"border:0;\" allowfullscreen=\"\" loading=\"lazy\" referrerpolicy=\"no-referrer-when-downgrade\"><\/iframe>\n","protected":false},"excerpt":{"rendered":"<p>LOKALIZACJE NASZYCH OBIEKT\u00d3W: Wej\u015bcie z parkingu od strony p\u0142ywalni miejskiej, piwnica pod hal\u0105 sportow\u0105:<\/p>\n","protected":false},"author":1,"featured_media":0,"parent":0,"menu_order":0,"comment_status":"closed","ping_status":"closed","template":"","meta":{"_themeisle_gutenberg_block_has_review":false,"footnotes":""},"class_list":["post-47","page","type-page","status-publish","hentry"],"_links":{"self":[{"href":"https:\/\/nadirklub.pl\/index.php\/wp-json\/wp\/v2\/pages\/47","targetHints":{"allow":["GET"]}}],"collection":[{"href":"https:\/\/nadirklub.pl\/index.php\/wp-json\/wp\/v2\/pages"}],"about":[{"href":"https:\/\/nadirklub.pl\/index.php\/wp-json\/wp\/v2\/types\/page"}],"author":[{"embeddable":true,"href":"https:\/\/nadirklub.pl\/index.php\/wp-json\/wp\/v2\/users\/1"}],"replies":[{"embeddable":true,"href":"https:\/\/nadirklub.pl\/index.php\/wp-json\/wp\/v2\/comments?post=47"}],"version-history":[{"count":41,"href":"https:\/\/nadirklub.pl\/index.php\/wp-json\/wp\/v2\/pages\/47\/revisions"}],"predecessor-version":[{"id":570,"href":"https:\/\/nadirklub.pl\/index.php\/wp-json\/wp\/v2\/pages\/47\/revisions\/570"}],"wp:attachment":[{"href":"https:\/\/nadirklub.pl\/index.php\/wp-json\/wp\/v2\/media?parent=47"}],"curies":[{"name":"wp","href":"https:\/\/api.w.org\/{rel}","templated":true}]}}